{"id":96,"date":"2017-05-25T15:56:38","date_gmt":"2017-05-25T18:56:38","guid":{"rendered":"http:\/\/dembiski.adv.br\/wp\/?page_id=96"},"modified":"2017-06-02T01:31:14","modified_gmt":"2017-06-02T04:31:14","slug":"imobiliario","status":"publish","type":"page","link":"https:\/\/dembiski.adv.br\/wp\/?page_id=96","title":{"rendered":"Imobili\u00e1rio"},"content":{"rendered":"<ul>\n<li style=\"font-weight: 400; text-align: center;\"><span style=\"font-weight: 400;\">Compra \u00a0e venda de im\u00f3vel prestamos assessoria jur\u00eddica \u00a0 para an\u00e1lise de documenta\u00e7\u00e3o, elabora\u00e7\u00e3o de contratos de \u00a0compra e venda de im\u00f3vel, \u00a0busca por certid\u00f5es judiciais, aquisi\u00e7\u00e3o de im\u00f3veis novos e usados, os riscos as seguran\u00e7as \u00a0do contrato.<\/span><\/li>\n<li style=\"font-weight: 400; text-align: center;\"><span style=\"font-weight: 400;\">Revis\u00e3o de contrato de loca\u00e7\u00e3o, Renova\u00e7\u00e3o de loca\u00e7\u00e3o comercial extrajudicial, Reintegra\u00e7\u00e3o de posse, Incorpora\u00e7\u00e3o e Condom\u00ednio, Retifica\u00e7\u00e3o de \u00e1reas urbanas e rurais, Contrato de Comodato, Cess\u00e3o de Direitos de Im\u00f3veis, Averba\u00e7\u00e3o \u00a0de \u00a0constru\u00e7\u00e3o, Contrato de Aquisi\u00e7\u00e3o de Im\u00f3vel Rural ou Urbano, Levantamento de Certid\u00f5es negativas de \u00a0d\u00e9bitos de im\u00f3veis, Loca\u00e7\u00e3o Residencial, Usucapi\u00e3o, Conven\u00e7\u00e3o de Condom\u00ednio, Doa\u00e7\u00e3o de im\u00f3vel, Desmembramento de im\u00f3vel, Contrato de Compromisso de Compra e Venda, Atrasos na entrega do im\u00f3vel ou chaves, A\u00e7\u00f5es de despejo<\/span><\/li>\n<\/ul>\n<p style=\"text-align: center;\"><span style=\"font-weight: 400;\">Prestamos assessoria \u00a0ainda :<\/span><\/p>\n<ul>\n<li style=\"font-weight: 400; text-align: center;\"><span style=\"font-weight: 400;\">Condom\u00ednio \u2013 Cond\u00f4minos \u2013 Inquilino &#8211; Propriet\u00e1rios<\/span><\/li>\n<\/ul>\n","protected":false},"excerpt":{"rendered":"<p>Compra \u00a0e venda de im\u00f3vel prestamos assessoria jur\u00eddica \u00a0 para an\u00e1lise de documenta\u00e7\u00e3o, elabora\u00e7\u00e3o de contratos de \u00a0compra e venda de im\u00f3vel, \u00a0busca por certid\u00f5es judiciais, aquisi\u00e7\u00e3o de im\u00f3veis novos e usados, os riscos as seguran\u00e7as \u00a0do contrato. Revis\u00e3o de contrato de loca\u00e7\u00e3o, Renova\u00e7\u00e3o de loca\u00e7\u00e3o comercial extrajudicial, Reintegra\u00e7\u00e3o de posse, Incorpora\u00e7\u00e3o e Condom\u00ednio, Retifica\u00e7\u00e3o&#8230;<\/p>\n","protected":false},"author":1,"featured_media":0,"parent":0,"menu_order":0,"comment_status":"closed","ping_status":"closed","template":"","meta":[],"_links":{"self":[{"href":"https:\/\/dembiski.adv.br\/wp\/index.php?rest_route=\/wp\/v2\/pages\/96"}],"collection":[{"href":"https:\/\/dembiski.adv.br\/wp\/index.php?rest_route=\/wp\/v2\/pages"}],"about":[{"href":"https:\/\/dembiski.adv.br\/wp\/index.php?rest_route=\/wp\/v2\/types\/page"}],"author":[{"embeddable":true,"href":"https:\/\/dembiski.adv.br\/wp\/index.php?rest_route=\/wp\/v2\/users\/1"}],"replies":[{"embeddable":true,"href":"https:\/\/dembiski.adv.br\/wp\/index.php?rest_route=%2Fwp%2Fv2%2Fcomments&post=96"}],"version-history":[{"count":2,"href":"https:\/\/dembiski.adv.br\/wp\/index.php?rest_route=\/wp\/v2\/pages\/96\/revisions"}],"predecessor-version":[{"id":151,"href":"https:\/\/dembiski.adv.br\/wp\/index.php?rest_route=\/wp\/v2\/pages\/96\/revisions\/151"}],"wp:attachment":[{"href":"https:\/\/dembiski.adv.br\/wp\/index.php?rest_route=%2Fwp%2Fv2%2Fmedia&parent=96"}],"curies":[{"name":"wp","href":"https:\/\/api.w.org\/{rel}","templated":true}]}}