{"id":93,"date":"2017-05-25T15:55:45","date_gmt":"2017-05-25T18:55:45","guid":{"rendered":"http:\/\/dembiski.adv.br\/wp\/?page_id=93"},"modified":"2017-06-02T01:30:16","modified_gmt":"2017-06-02T04:30:16","slug":"previdenciario","status":"publish","type":"page","link":"https:\/\/dembiski.adv.br\/wp\/?page_id=93","title":{"rendered":"Previdenci\u00e1rio"},"content":{"rendered":"<p style=\"text-align: center;\"><span style=\"font-weight: 400;\">Acidente de Trabalho \u2022 Propositura de a\u00e7\u00f5es para implanta\u00e7\u00e3o de benef\u00edcios \u2022 revis\u00e3o de benef\u00edcios\u00a0<\/span><\/p>\n","protected":false},"excerpt":{"rendered":"<p>Acidente de Trabalho \u2022 Propositura de a\u00e7\u00f5es para implanta\u00e7\u00e3o de benef\u00edcios \u2022 revis\u00e3o de benef\u00edcios\u00a0<\/p>\n","protected":false},"author":1,"featured_media":0,"parent":0,"menu_order":0,"comment_status":"closed","ping_status":"closed","template":"","meta":[],"_links":{"self":[{"href":"https:\/\/dembiski.adv.br\/wp\/index.php?rest_route=\/wp\/v2\/pages\/93"}],"collection":[{"href":"https:\/\/dembiski.adv.br\/wp\/index.php?rest_route=\/wp\/v2\/pages"}],"about":[{"href":"https:\/\/dembiski.adv.br\/wp\/index.php?rest_route=\/wp\/v2\/types\/page"}],"author":[{"embeddable":true,"href":"https:\/\/dembiski.adv.br\/wp\/index.php?rest_route=\/wp\/v2\/users\/1"}],"replies":[{"embeddable":true,"href":"https:\/\/dembiski.adv.br\/wp\/index.php?rest_route=%2Fwp%2Fv2%2Fcomments&post=93"}],"version-history":[{"count":2,"href":"https:\/\/dembiski.adv.br\/wp\/index.php?rest_route=\/wp\/v2\/pages\/93\/revisions"}],"predecessor-version":[{"id":150,"href":"https:\/\/dembiski.adv.br\/wp\/index.php?rest_route=\/wp\/v2\/pages\/93\/revisions\/150"}],"wp:attachment":[{"href":"https:\/\/dembiski.adv.br\/wp\/index.php?rest_route=%2Fwp%2Fv2%2Fmedia&parent=93"}],"curies":[{"name":"wp","href":"https:\/\/api.w.org\/{rel}","templated":true}]}}