{"id":90,"date":"2017-05-25T15:55:29","date_gmt":"2017-05-25T18:55:29","guid":{"rendered":"http:\/\/dembiski.adv.br\/wp\/?page_id=90"},"modified":"2017-06-02T01:29:42","modified_gmt":"2017-06-02T04:29:42","slug":"sucessoes","status":"publish","type":"page","link":"https:\/\/dembiski.adv.br\/wp\/?page_id=90","title":{"rendered":"Sucess\u00f5es"},"content":{"rendered":"<p style=\"text-align: center;\"><span style=\"font-weight: 400;\">Invent\u00e1rios Judiciais e Extrajudiciais \u2022 Alvar\u00e1s \u2022 Planejamento Sucess\u00f3rio \u2022 Testamento \u2022 Peti\u00e7\u00e3o de Heran\u00e7a \u2022 Anula\u00e7\u00e3o de Partilha \u2022 Anula\u00e7\u00e3o de Testamento \u2022 Cola\u00e7\u00e3o \u2022 Indignidade \u2022 Deserda\u00e7\u00e3o \u2022 Ado\u00e7\u00e3o e Ado\u00e7\u00e3o Internacional \u2022 Guarda Compartilhada \u2022 Regulamenta\u00e7\u00e3o de Visitas \u2022 Tutela \u2022 Aliena\u00e7\u00e3o Parental \u2022 Investiga\u00e7\u00e3o de paternidade \u2022 Interdi\u00e7\u00e3o e Suprimento Judicial para Viagens de Crian\u00e7as para o Exterior, entre outros.<\/span><\/p>\n","protected":false},"excerpt":{"rendered":"<p>Invent\u00e1rios Judiciais e Extrajudiciais \u2022 Alvar\u00e1s \u2022 Planejamento Sucess\u00f3rio \u2022 Testamento \u2022 Peti\u00e7\u00e3o de Heran\u00e7a \u2022 Anula\u00e7\u00e3o de Partilha \u2022 Anula\u00e7\u00e3o de Testamento \u2022 Cola\u00e7\u00e3o \u2022 Indignidade \u2022 Deserda\u00e7\u00e3o \u2022 Ado\u00e7\u00e3o e Ado\u00e7\u00e3o Internacional \u2022 Guarda Compartilhada \u2022 Regulamenta\u00e7\u00e3o de Visitas \u2022 Tutela \u2022 Aliena\u00e7\u00e3o Parental \u2022 Investiga\u00e7\u00e3o de paternidade \u2022 Interdi\u00e7\u00e3o e Suprimento Judicial&#8230;<\/p>\n","protected":false},"author":1,"featured_media":0,"parent":0,"menu_order":0,"comment_status":"closed","ping_status":"closed","template":"","meta":[],"_links":{"self":[{"href":"https:\/\/dembiski.adv.br\/wp\/index.php?rest_route=\/wp\/v2\/pages\/90"}],"collection":[{"href":"https:\/\/dembiski.adv.br\/wp\/index.php?rest_route=\/wp\/v2\/pages"}],"about":[{"href":"https:\/\/dembiski.adv.br\/wp\/index.php?rest_route=\/wp\/v2\/types\/page"}],"author":[{"embeddable":true,"href":"https:\/\/dembiski.adv.br\/wp\/index.php?rest_route=\/wp\/v2\/users\/1"}],"replies":[{"embeddable":true,"href":"https:\/\/dembiski.adv.br\/wp\/index.php?rest_route=%2Fwp%2Fv2%2Fcomments&post=90"}],"version-history":[{"count":2,"href":"https:\/\/dembiski.adv.br\/wp\/index.php?rest_route=\/wp\/v2\/pages\/90\/revisions"}],"predecessor-version":[{"id":149,"href":"https:\/\/dembiski.adv.br\/wp\/index.php?rest_route=\/wp\/v2\/pages\/90\/revisions\/149"}],"wp:attachment":[{"href":"https:\/\/dembiski.adv.br\/wp\/index.php?rest_route=%2Fwp%2Fv2%2Fmedia&parent=90"}],"curies":[{"name":"wp","href":"https:\/\/api.w.org\/{rel}","templated":true}]}}