{"id":87,"date":"2017-05-25T15:54:20","date_gmt":"2017-05-25T18:54:20","guid":{"rendered":"http:\/\/dembiski.adv.br\/wp\/?page_id=87"},"modified":"2017-06-02T01:29:17","modified_gmt":"2017-06-02T04:29:17","slug":"familia","status":"publish","type":"page","link":"https:\/\/dembiski.adv.br\/wp\/?page_id=87","title":{"rendered":"Fam\u00edlia"},"content":{"rendered":"<p style=\"text-align: center;\"><span style=\"font-weight: 400;\">Div\u00f3rcio, Uni\u00e3o Est\u00e1vel, Alimentos, Partilha de bens, Indeniza\u00e7\u00f5es, Lei Maria da Penha, Guarda de filhos, Direito de visita, Separa\u00e7\u00e3o de corpos, Regime de bens, Acordos pr\u00e9-nupciais, Direitos e deveres dos c\u00f4njuges e companheiros, entre outros.<\/span><\/p>\n","protected":false},"excerpt":{"rendered":"<p>Div\u00f3rcio, Uni\u00e3o Est\u00e1vel, Alimentos, Partilha de bens, Indeniza\u00e7\u00f5es, Lei Maria da Penha, Guarda de filhos, Direito de visita, Separa\u00e7\u00e3o de corpos, Regime de bens, Acordos pr\u00e9-nupciais, Direitos e deveres dos c\u00f4njuges e companheiros, entre outros.<\/p>\n","protected":false},"author":1,"featured_media":0,"parent":0,"menu_order":0,"comment_status":"closed","ping_status":"closed","template":"","meta":[],"_links":{"self":[{"href":"https:\/\/dembiski.adv.br\/wp\/index.php?rest_route=\/wp\/v2\/pages\/87"}],"collection":[{"href":"https:\/\/dembiski.adv.br\/wp\/index.php?rest_route=\/wp\/v2\/pages"}],"about":[{"href":"https:\/\/dembiski.adv.br\/wp\/index.php?rest_route=\/wp\/v2\/types\/page"}],"author":[{"embeddable":true,"href":"https:\/\/dembiski.adv.br\/wp\/index.php?rest_route=\/wp\/v2\/users\/1"}],"replies":[{"embeddable":true,"href":"https:\/\/dembiski.adv.br\/wp\/index.php?rest_route=%2Fwp%2Fv2%2Fcomments&post=87"}],"version-history":[{"count":2,"href":"https:\/\/dembiski.adv.br\/wp\/index.php?rest_route=\/wp\/v2\/pages\/87\/revisions"}],"predecessor-version":[{"id":148,"href":"https:\/\/dembiski.adv.br\/wp\/index.php?rest_route=\/wp\/v2\/pages\/87\/revisions\/148"}],"wp:attachment":[{"href":"https:\/\/dembiski.adv.br\/wp\/index.php?rest_route=%2Fwp%2Fv2%2Fmedia&parent=87"}],"curies":[{"name":"wp","href":"https:\/\/api.w.org\/{rel}","templated":true}]}}