{"id":84,"date":"2017-05-25T15:54:06","date_gmt":"2017-05-25T18:54:06","guid":{"rendered":"http:\/\/dembiski.adv.br\/wp\/?page_id=84"},"modified":"2017-06-02T01:28:57","modified_gmt":"2017-06-02T04:28:57","slug":"civel","status":"publish","type":"page","link":"https:\/\/dembiski.adv.br\/wp\/?page_id=84","title":{"rendered":"C\u00edvel"},"content":{"rendered":"<p style=\"text-align: center;\"><span style=\"font-weight: 400;\">Revis\u00e3o de contratos, Usucapi\u00e3o, A\u00e7\u00f5es possess\u00f3rias, A\u00e7\u00f5es de despejo, Indeniza\u00e7\u00f5es, Assessoria para a constitui\u00e7\u00e3o, Altera\u00e7\u00e3o e dissolu\u00e7\u00e3o de sociedades n\u00e3o empres\u00e1rias, funda\u00e7\u00f5es, associa\u00e7\u00f5es e cooperativas, Cobran\u00e7a de condom\u00ednio, entre outros.<\/span><\/p>\n","protected":false},"excerpt":{"rendered":"<p>Revis\u00e3o de contratos, Usucapi\u00e3o, A\u00e7\u00f5es possess\u00f3rias, A\u00e7\u00f5es de despejo, Indeniza\u00e7\u00f5es, Assessoria para a constitui\u00e7\u00e3o, Altera\u00e7\u00e3o e dissolu\u00e7\u00e3o de sociedades n\u00e3o empres\u00e1rias, funda\u00e7\u00f5es, associa\u00e7\u00f5es e cooperativas, Cobran\u00e7a de condom\u00ednio, entre outros.<\/p>\n","protected":false},"author":1,"featured_media":0,"parent":0,"menu_order":0,"comment_status":"closed","ping_status":"closed","template":"","meta":[],"_links":{"self":[{"href":"https:\/\/dembiski.adv.br\/wp\/index.php?rest_route=\/wp\/v2\/pages\/84"}],"collection":[{"href":"https:\/\/dembiski.adv.br\/wp\/index.php?rest_route=\/wp\/v2\/pages"}],"about":[{"href":"https:\/\/dembiski.adv.br\/wp\/index.php?rest_route=\/wp\/v2\/types\/page"}],"author":[{"embeddable":true,"href":"https:\/\/dembiski.adv.br\/wp\/index.php?rest_route=\/wp\/v2\/users\/1"}],"replies":[{"embeddable":true,"href":"https:\/\/dembiski.adv.br\/wp\/index.php?rest_route=%2Fwp%2Fv2%2Fcomments&post=84"}],"version-history":[{"count":2,"href":"https:\/\/dembiski.adv.br\/wp\/index.php?rest_route=\/wp\/v2\/pages\/84\/revisions"}],"predecessor-version":[{"id":147,"href":"https:\/\/dembiski.adv.br\/wp\/index.php?rest_route=\/wp\/v2\/pages\/84\/revisions\/147"}],"wp:attachment":[{"href":"https:\/\/dembiski.adv.br\/wp\/index.php?rest_route=%2Fwp%2Fv2%2Fmedia&parent=84"}],"curies":[{"name":"wp","href":"https:\/\/api.w.org\/{rel}","templated":true}]}}