{"id":81,"date":"2017-05-25T15:52:56","date_gmt":"2017-05-25T18:52:56","guid":{"rendered":"http:\/\/dembiski.adv.br\/wp\/?page_id=81"},"modified":"2017-06-02T01:28:34","modified_gmt":"2017-06-02T04:28:34","slug":"direito-empresarial","status":"publish","type":"page","link":"https:\/\/dembiski.adv.br\/wp\/?page_id=81","title":{"rendered":"Direito Empresarial"},"content":{"rendered":"<p style=\"text-align: center;\"><span style=\"font-weight: 400;\">Elabora\u00e7\u00e3o de Pareceres, Contencioso Civil, Constitui\u00e7\u00e3o de Sociedade, Consultoria Jur\u00eddica Preventiva e Contenciosa, Contencioso Civil Judicial e Extrajudicial, Defesa em Contencioso Trabalhista, Elabora\u00e7\u00e3o e Analise de Contratos, Rela\u00e7\u00e3o de Consumo Entre Fornecedor e Cliente, Reorganiza\u00e7\u00f5es Societ\u00e1rias, Recupera\u00e7\u00e3o Judicial, Recupera\u00e7\u00e3o Extrajudicial, Recupera\u00e7\u00e3o e Fal\u00eancia.<\/span><\/p>\n","protected":false},"excerpt":{"rendered":"<p>Elabora\u00e7\u00e3o de Pareceres, Contencioso Civil, Constitui\u00e7\u00e3o de Sociedade, Consultoria Jur\u00eddica Preventiva e Contenciosa, Contencioso Civil Judicial e Extrajudicial, Defesa em Contencioso Trabalhista, Elabora\u00e7\u00e3o e Analise de Contratos, Rela\u00e7\u00e3o de Consumo Entre Fornecedor e Cliente, Reorganiza\u00e7\u00f5es Societ\u00e1rias, Recupera\u00e7\u00e3o Judicial, Recupera\u00e7\u00e3o Extrajudicial, Recupera\u00e7\u00e3o e Fal\u00eancia.<\/p>\n","protected":false},"author":1,"featured_media":0,"parent":0,"menu_order":0,"comment_status":"closed","ping_status":"closed","template":"","meta":[],"_links":{"self":[{"href":"https:\/\/dembiski.adv.br\/wp\/index.php?rest_route=\/wp\/v2\/pages\/81"}],"collection":[{"href":"https:\/\/dembiski.adv.br\/wp\/index.php?rest_route=\/wp\/v2\/pages"}],"about":[{"href":"https:\/\/dembiski.adv.br\/wp\/index.php?rest_route=\/wp\/v2\/types\/page"}],"author":[{"embeddable":true,"href":"https:\/\/dembiski.adv.br\/wp\/index.php?rest_route=\/wp\/v2\/users\/1"}],"replies":[{"embeddable":true,"href":"https:\/\/dembiski.adv.br\/wp\/index.php?rest_route=%2Fwp%2Fv2%2Fcomments&post=81"}],"version-history":[{"count":2,"href":"https:\/\/dembiski.adv.br\/wp\/index.php?rest_route=\/wp\/v2\/pages\/81\/revisions"}],"predecessor-version":[{"id":146,"href":"https:\/\/dembiski.adv.br\/wp\/index.php?rest_route=\/wp\/v2\/pages\/81\/revisions\/146"}],"wp:attachment":[{"href":"https:\/\/dembiski.adv.br\/wp\/index.php?rest_route=%2Fwp%2Fv2%2Fmedia&parent=81"}],"curies":[{"name":"wp","href":"https:\/\/api.w.org\/{rel}","templated":true}]}}