{"id":78,"date":"2017-05-25T15:52:26","date_gmt":"2017-05-25T18:52:26","guid":{"rendered":"http:\/\/dembiski.adv.br\/wp\/?page_id=78"},"modified":"2017-06-02T01:28:02","modified_gmt":"2017-06-02T04:28:02","slug":"direito-bancario","status":"publish","type":"page","link":"https:\/\/dembiski.adv.br\/wp\/?page_id=78","title":{"rendered":"Direito Banc\u00e1rio"},"content":{"rendered":"<p style=\"text-align: center;\"><span style=\"font-weight: 400;\">Contratos Banc\u00e1rios, Revis\u00e3o de Cl\u00e1usulas Abusivas, D\u00edvidas de \u00a0Financiamento em geral do setor banc\u00e1rio, Revis\u00e3o do saldo devedor, Cobran\u00e7as indevidas, Juros abusivos, Cobran\u00e7as de taxas ilegais, \u00a0Redu\u00e7\u00e3o de juros, D\u00edvidas com cart\u00e3o de cr\u00e9dito, D\u00edvidas com cheque especial, D\u00edvidas Imobili\u00e1rias, Sistema Financeiro Habitacional \u00a0\u2013 S.F.H., SERASA\/SPC\/CADIM, D\u00edvidas com capital de giro, D\u00edvidas rurais, Revis\u00e3o de juros de financiamento de ve\u00edculo \u2013 Leasing, revis\u00e3o de juros\u00a0de financiamento de im\u00f3veis<\/span><span style=\"font-weight: 400;\">.<\/span><\/p>\n","protected":false},"excerpt":{"rendered":"<p>Contratos Banc\u00e1rios, Revis\u00e3o de Cl\u00e1usulas Abusivas, D\u00edvidas de \u00a0Financiamento em geral do setor banc\u00e1rio, Revis\u00e3o do saldo devedor, Cobran\u00e7as indevidas, Juros abusivos, Cobran\u00e7as de taxas ilegais, \u00a0Redu\u00e7\u00e3o de juros, D\u00edvidas com cart\u00e3o de cr\u00e9dito, D\u00edvidas com cheque especial, D\u00edvidas Imobili\u00e1rias, Sistema Financeiro Habitacional \u00a0\u2013 S.F.H., SERASA\/SPC\/CADIM, D\u00edvidas com capital de giro, D\u00edvidas rurais, Revis\u00e3o de&#8230;<\/p>\n","protected":false},"author":1,"featured_media":0,"parent":0,"menu_order":0,"comment_status":"closed","ping_status":"closed","template":"","meta":[],"_links":{"self":[{"href":"https:\/\/dembiski.adv.br\/wp\/index.php?rest_route=\/wp\/v2\/pages\/78"}],"collection":[{"href":"https:\/\/dembiski.adv.br\/wp\/index.php?rest_route=\/wp\/v2\/pages"}],"about":[{"href":"https:\/\/dembiski.adv.br\/wp\/index.php?rest_route=\/wp\/v2\/types\/page"}],"author":[{"embeddable":true,"href":"https:\/\/dembiski.adv.br\/wp\/index.php?rest_route=\/wp\/v2\/users\/1"}],"replies":[{"embeddable":true,"href":"https:\/\/dembiski.adv.br\/wp\/index.php?rest_route=%2Fwp%2Fv2%2Fcomments&post=78"}],"version-history":[{"count":2,"href":"https:\/\/dembiski.adv.br\/wp\/index.php?rest_route=\/wp\/v2\/pages\/78\/revisions"}],"predecessor-version":[{"id":145,"href":"https:\/\/dembiski.adv.br\/wp\/index.php?rest_route=\/wp\/v2\/pages\/78\/revisions\/145"}],"wp:attachment":[{"href":"https:\/\/dembiski.adv.br\/wp\/index.php?rest_route=%2Fwp%2Fv2%2Fmedia&parent=78"}],"curies":[{"name":"wp","href":"https:\/\/api.w.org\/{rel}","templated":true}]}}