{"id":30,"date":"2017-05-25T14:37:32","date_gmt":"2017-05-25T17:37:32","guid":{"rendered":"http:\/\/dembiski.adv.br\/wp\/?page_id=30"},"modified":"2017-06-02T01:20:18","modified_gmt":"2017-06-02T04:20:18","slug":"o-escritorio","status":"publish","type":"page","link":"https:\/\/dembiski.adv.br\/wp\/?page_id=30","title":{"rendered":"O Escrit\u00f3rio"},"content":{"rendered":"<p style=\"text-align: center;\">Fundado em 1992, o Lima &amp; Dembiski construiu, ao longo de duas d\u00e9cadas, uma hist\u00f3ria de solidez, credibilidade e excel\u00eancia na presta\u00e7\u00e3o de servi\u00e7os. \u00c9tica, Qualidade e Respeito s\u00e3o os valores inerentes \u00e0 atua\u00e7\u00e3o do Escrit\u00f3rio.<br \/>\nO Lima &amp; Dembiski possui um programa de confian\u00e7a em rela\u00e7\u00e3o a normas e regulamentos, com procedimentos internos para garantir que regras de boas pr\u00e1ticas negociais e governan\u00e7a corporativa, em particular as pr\u00e1ticas anticorrup\u00e7\u00e3o, norteiem o padr\u00e3o de conduta de seus s\u00f3cios, advogados e colaboradores.<br \/>\nO Lima &amp; Dembiski Advogados Associados \u00e9 reconhecido estadualmente por apresentar solu\u00e7\u00f5es em diversas \u00e1reas do Direito (full service), percorrendo com compet\u00eancia cada uma dessas pr\u00e1ticas, atuando na consultoria e assessoria jur\u00eddica, na prepara\u00e7\u00e3o de contratos, na elabora\u00e7\u00e3o de pareceres e an\u00e1lises legais preventivas; bem como na esfera do contencioso judicial e administrativo.<br \/>\nEm raz\u00e3o das necessidades de seus clientes, o escrit\u00f3rio ampliou suas atividades, e hoje, conta com diversos escrit\u00f3rios associados no Estado.<\/p>\n","protected":false},"excerpt":{"rendered":"<p>Fundado em 1992, o Lima &amp; Dembiski construiu, ao longo de duas d\u00e9cadas, uma hist\u00f3ria de solidez, credibilidade e excel\u00eancia na presta\u00e7\u00e3o de servi\u00e7os. \u00c9tica, Qualidade e Respeito s\u00e3o os valores inerentes \u00e0 atua\u00e7\u00e3o do Escrit\u00f3rio. O Lima &amp; Dembiski possui um programa de confian\u00e7a em rela\u00e7\u00e3o a normas e regulamentos, com procedimentos internos para&#8230;<\/p>\n","protected":false},"author":1,"featured_media":0,"parent":0,"menu_order":0,"comment_status":"closed","ping_status":"closed","template":"","meta":[],"_links":{"self":[{"href":"https:\/\/dembiski.adv.br\/wp\/index.php?rest_route=\/wp\/v2\/pages\/30"}],"collection":[{"href":"https:\/\/dembiski.adv.br\/wp\/index.php?rest_route=\/wp\/v2\/pages"}],"about":[{"href":"https:\/\/dembiski.adv.br\/wp\/index.php?rest_route=\/wp\/v2\/types\/page"}],"author":[{"embeddable":true,"href":"https:\/\/dembiski.adv.br\/wp\/index.php?rest_route=\/wp\/v2\/users\/1"}],"replies":[{"embeddable":true,"href":"https:\/\/dembiski.adv.br\/wp\/index.php?rest_route=%2Fwp%2Fv2%2Fcomments&post=30"}],"version-history":[{"count":6,"href":"https:\/\/dembiski.adv.br\/wp\/index.php?rest_route=\/wp\/v2\/pages\/30\/revisions"}],"predecessor-version":[{"id":141,"href":"https:\/\/dembiski.adv.br\/wp\/index.php?rest_route=\/wp\/v2\/pages\/30\/revisions\/141"}],"wp:attachment":[{"href":"https:\/\/dembiski.adv.br\/wp\/index.php?rest_route=%2Fwp%2Fv2%2Fmedia&parent=30"}],"curies":[{"name":"wp","href":"https:\/\/api.w.org\/{rel}","templated":true}]}}